{"id":2967,"date":"2024-04-25T13:26:45","date_gmt":"2024-04-25T11:26:45","guid":{"rendered":"https:\/\/tc-trnovo.si\/?page_id=2967"},"modified":"2024-04-25T13:29:29","modified_gmt":"2024-04-25T11:29:29","slug":"odstop-od-progama-vadbe","status":"publish","type":"page","link":"https:\/\/tc-trnovo.si\/en\/odstop-od-progama-vadbe\/","title":{"rendered":"Odstop od progama vadbe"},"content":{"rendered":"\n<div class=\"wpcf7 no-js\" id=\"wpcf7-f2966-o1\" lang=\"sl-SI\" dir=\"ltr\" data-wpcf7-id=\"2966\">\n<div class=\"screen-reader-response\"><p role=\"status\" aria-live=\"polite\" aria-atomic=\"true\"><\/p> <ul><\/ul><\/div>\n<form action=\"\/en\/wp-json\/wp\/v2\/pages\/2967#wpcf7-f2966-o1\" method=\"post\" class=\"wpcf7-form init\" aria-label=\"Contact form\" novalidate=\"novalidate\" data-status=\"init\">\n<fieldset class=\"hidden-fields-container\"><input type=\"hidden\" name=\"_wpcf7\" value=\"2966\" \/><input type=\"hidden\" name=\"_wpcf7_version\" value=\"6.1.5\" \/><input type=\"hidden\" name=\"_wpcf7_locale\" value=\"sl_SI\" \/><input type=\"hidden\" name=\"_wpcf7_unit_tag\" value=\"wpcf7-f2966-o1\" \/><input type=\"hidden\" name=\"_wpcf7_container_post\" value=\"0\" \/><input type=\"hidden\" name=\"_wpcf7_posted_data_hash\" value=\"\" \/><input type=\"hidden\" name=\"_uacf7_hidden_conditional_fields\" value=\"\" \/><input type=\"hidden\" name=\"_wpcf7_recaptcha_response\" value=\"\" \/>\n<\/fieldset>\n<link rel=\"stylesheet\" href=\"https:\/\/tc-trnovo.si\/wp-content\/plugins\/pdf-forms-for-contact-form-7\/css\/frontend.css\" \/><script type=\"text\/javascript\" src=\"https:\/\/tc-trnovo.si\/wp-content\/plugins\/pdf-forms-for-contact-form-7\/js\/frontend.js?ver=2.2.5\"><\/script>\t\t\t\t<style>\n\t\t\t\t\t.uacf7-uacf7style-2966 label {\n\t\t\t\t\t\tfont-style: normal;font-weight: normal;\t\t\t\t\t}\n\n\t\t\t\t\t.uacf7-uacf7style-2966 input[type=\"email\"],\n\t\t\t\t\t.uacf7-uacf7style-2966 input[type=\"number\"],\n\t\t\t\t\t.uacf7-uacf7style-2966 input[type=\"password\"],\n\t\t\t\t\t.uacf7-uacf7style-2966 input[type=\"search\"],\n\t\t\t\t\t.uacf7-uacf7style-2966 input[type=\"tel\"],\n\t\t\t\t\t.uacf7-uacf7style-2966 input[type=\"text\"],\n\t\t\t\t\t.uacf7-uacf7style-2966 input[type=\"url\"],\n\t\t\t\t\t.uacf7-uacf7style-2966 input[type=\"date\"],\n\t\t\t\t\t.uacf7-uacf7style-2966 input[type=\"radio\"],\n\t\t\t\t\t.uacf7-uacf7style-2966 input[type=\"checkbox\"],\n\t\t\t\t\t.uacf7-uacf7style-2966 select,\n\t\t\t\t\t.uacf7-uacf7style-2966 textarea {\n\t\t\t\t\t\tfont-style: normal;font-weight: normal;border-style: solid!important;border-radius: 1px;\t\t\t\t\t}\n\n\t\t\t\t\t.uacf7-uacf7style-2966 .wpcf7-radio span,\n\t\t\t\t\t.uacf7-uacf7style-2966 .wpcf7-checkbox span {\n\t\t\t\t\t\tfont-style: normal;font-weight: normal;\t\t\t\t\t}\n\n\t\t\t\t\t.uacf7-uacf7style-2966 textarea {\n\t\t\t\t\t\t\t\t\t\t\t}\n\n\t\t\t\t\t.wpcf7-form-control-wrap select {\n\t\t\t\t\t\twidth: 100%;\n\t\t\t\t\t}\n\n\t\t\t\t\t.uacf7-uacf7style-2966 input[type=\"submit\"] {\n\t\t\t\t\t\tcolor: #ffffff;background-color: #ff5e4f;font-style: normal;font-weight: normal;border-style: none;\t\t\t\t\t}\n\n\t\t\t\t\t.uacf7-uacf7style-2966 input[type=\"submit\"]:hover {\n\t\t\t\t\t\tcolor: #ffffff;background-color: #ff5e4f;\t\t\t\t\t}\n\n\t\t\t\t\t\t\t\t\t<\/style>\n\n\t\t\t\t<div class=\"uacf7-uacf7style uacf7-uacf7style-2966\"><div class=\"uacf7-form-wrapper-container uacf7-form-2966  uacf7-uacf7style uacf7-uacf7style-2966\"><div class=\"uacf7-row\">\n    <div class=\"uacf7-col-6\"><label for=\"ime\">Ime:<\/label><span class=\"wpcf7-form-control-wrap\" data-name=\"ime\"><input size=\"40\" maxlength=\"400\" class=\"wpcf7-form-control wpcf7-text wpcf7-validates-as-required\" aria-required=\"true\" aria-invalid=\"false\" value=\"\" type=\"text\" name=\"ime\" \/><\/span><\/div>\n    <div class=\"uacf7-col-6\"><label for=\"priimek\">Priimek:<\/label><span class=\"wpcf7-form-control-wrap\" data-name=\"priimek\"><input size=\"40\" maxlength=\"400\" class=\"wpcf7-form-control wpcf7-text wpcf7-validates-as-required\" aria-required=\"true\" aria-invalid=\"false\" value=\"\" type=\"text\" name=\"priimek\" \/><\/span><\/div>\n<\/div>\n\n<div class=\"uacf7-row\">\n    <div class=\"uacf7-col-6\"><label for=\"telefon\">Telefon:<\/label><span class=\"wpcf7-form-control-wrap\" data-name=\"telefon1\"><input size=\"40\" maxlength=\"400\" class=\"wpcf7-form-control wpcf7-tel wpcf7-text wpcf7-validates-as-tel\" aria-invalid=\"false\" value=\"\" type=\"tel\" name=\"telefon1\" \/><\/span><\/div>\n    <div class=\"uacf7-col-6\"><label for=\"email\">Elektronski naslov:<\/label><span class=\"wpcf7-form-control-wrap\" data-name=\"email1\"><input size=\"40\" maxlength=\"400\" class=\"wpcf7-form-control wpcf7-email wpcf7-validates-as-required wpcf7-text wpcf7-validates-as-email\" aria-required=\"true\" aria-invalid=\"false\" value=\"\" type=\"email\" name=\"email1\" \/><\/span><\/div>\n<\/div>\n\n<div class=\"uacf7-row\">\n    <div class=\"uacf7-col-6\"><label for=\"kdo\">Odjavljam:<\/label><span class=\"wpcf7-form-control-wrap\" data-name=\"radio-606\"><span class=\"wpcf7-form-control wpcf7-radio\"><span class=\"wpcf7-list-item first\"><label><input type=\"radio\" name=\"radio-606\" value=\"Sebe\" checked=\"checked\" \/><span class=\"wpcf7-list-item-label\">Sebe<\/span><\/label><\/span><span class=\"wpcf7-list-item last\"><label><input type=\"radio\" name=\"radio-606\" value=\"Otroka\" \/><span class=\"wpcf7-list-item-label\">Otroka<\/span><\/label><\/span><\/span><\/span><\/div>\n    <div class=\"uacf7-col-6\"><label for=\"razlog\">Razlog odstopa od programa vadbe:<\/label><span class=\"wpcf7-form-control-wrap\" data-name=\"text-134\"><input size=\"40\" maxlength=\"400\" class=\"wpcf7-form-control wpcf7-text wpcf7-validates-as-required\" aria-required=\"true\" aria-invalid=\"false\" value=\"\" type=\"text\" name=\"text-134\" \/><\/span><\/div>\n<\/div>\n\n<div class=\"uacf7_conditional otrok\">\n    <div class=\"uacf7-row\">\n        <div class=\"uacf7-col-6\"><label for=\"ime\">Ime Otroka:<\/label><span class=\"wpcf7-form-control-wrap\" data-name=\"ime2\"><input size=\"40\" maxlength=\"400\" class=\"wpcf7-form-control wpcf7-text wpcf7-validates-as-required\" aria-required=\"true\" aria-invalid=\"false\" value=\"\" type=\"text\" name=\"ime2\" \/><\/span><\/div>\n        <div class=\"uacf7-col-6\"><label for=\"priimek\">Priimek otroka:<\/label><span class=\"wpcf7-form-control-wrap\" data-name=\"priimek2\"><input size=\"40\" maxlength=\"400\" class=\"wpcf7-form-control wpcf7-text wpcf7-validates-as-required\" aria-required=\"true\" aria-invalid=\"false\" value=\"\" type=\"text\" name=\"priimek2\" \/><\/span><\/div>\n    <\/div>\n<\/div>\n\n<label>Va\u0161e sporo\u010dilo (neobvezno): <span class=\"wpcf7-form-control-wrap\" data-name=\"your-message\"><textarea cols=\"40\" rows=\"10\" maxlength=\"2000\" class=\"wpcf7-form-control wpcf7-textarea\" aria-invalid=\"false\" name=\"your-message\"><\/textarea><\/span><\/label>\n\n<input class=\"wpcf7-form-control wpcf7-submit has-spinner\" type=\"submit\" value=\"Po\u0161lji\" \/><\/div><\/div><div class=\"wpcf7-response-output\" aria-hidden=\"true\"><\/div>\n<\/form>\n<\/div>\n\n\n\n\n<div style=\"height:10px\" aria-hidden=\"true\" class=\"wp-block-spacer\"><\/div>\n\n\n         <div \r\n            class=\"citadela-block-responsive-text align-left\"\r\n                                 >\r\n            <p class=\"inner-tag\" style=\"\"><strong>Odstop od programa vadbe je mo\u017een le v primeru, da ima pla\u010dnik do dne odstopa poravnane vse obveznosti do dru\u0161tva.<\/strong><br><br>\u0160D Tanko \u0161port se obvezujemo, da bomo z va\u0161imi osebnimi podatki ravnali skladno z zakonom o varovanju osebnih podatkov.<br><br>V roku 24 ur boste prejeli preko elektronske povratne po\u0161te potrdilo o izpisu, s tem se \u0161teje, da je pla\u010dnik odstopil od prijave in od tega dne ni ve\u010d upravi\u010den do obiskovanja vadbe. V primeru odstopa od prijave je pla\u010dnik dol\u017ean poravnati teko\u010di obrok in en dodatni obrok vadbe. V primeru, da pla\u010dnik nima poravnanih vseh obveznosti mu izvajalec ne izda Potrdila o izpisu.<\/p>         <\/div>\r\n      ","protected":false},"excerpt":{"rendered":"","protected":false},"author":2,"featured_media":0,"parent":0,"menu_order":0,"comment_status":"closed","ping_status":"closed","template":"","meta":{"_editorskit_title_hidden":false,"_editorskit_reading_time":0,"_editorskit_is_block_options_detached":false,"_editorskit_block_options_position":"{}","content-type":"","inline_featured_image":false,"_price":"","_stock":"","_tribe_ticket_header":"","_tribe_default_ticket_provider":"","_ticket_start_date":"","_ticket_end_date":"","_tribe_ticket_show_description":"","_tribe_ticket_show_not_going":false,"_tribe_ticket_use_global_stock":"","_tribe_ticket_global_stock_level":"","_global_stock_mode":"","_global_stock_cap":"","_tribe_rsvp_for_event":"","_tribe_ticket_going_count":"","_tribe_ticket_not_going_count":"","_tribe_tickets_list":"[]","_tribe_ticket_has_attendee_info_fields":false,"_citadela_hide_page_title":"","_citadela_remove_header_space":"","_citadela_custom_class":"","_citadela_half_map_provider":"","_citadela_half_map_theme":"","_citadela_half_map_themeOSM":"","_citadela_half_map_customTheme":"","_citadela_half_map_dataType":"","_citadela_half_map_dynamicTrack":false,"_citadela_half_map_trackColor":"","_citadela_half_map_trackEndpointsColor":"","_citadela_half_map_filterCategory":"","_citadela_half_map_filterLocation":"","_citadela_half_map_filterFeatured":false,"_citadela_half_map_noDataBehavior":"empty-map","_citadela_half_map_noDataText":"","_citadela_half_map_clusterGridSize":80,"_citadela_header":false,"_citadela_header_over_content":false,"_citadela_header_text_color":"","_citadela_header_logo":[],"_citadela_header_bg_image":[],"_citadela_header_bg_position":[],"_citadela_header_bg_size":"","_citadela_header_bg_repeat":"","_citadela_header_bg_fixed":false,"_citadela_header_bg_color":"","_citadela_header_bg_image_overlay":"","_citadela_header_transparent_bg":false,"_citadela_content_width":"","_citadela_half_layout_position":"","footnotes":"","_tec_slr_enabled":"","_tec_slr_layout":""},"class_list":["post-2967","page","type-page","status-publish","hentry"],"yoast_head":"<!-- This site is optimized with the Yoast SEO plugin v27.1.1 - https:\/\/yoast.com\/product\/yoast-seo-wordpress\/ -->\n<title>Odstop od progama vadbe - TC Trnovo<\/title>\n<meta name=\"robots\" content=\"index, follow, max-snippet:-1, max-image-preview:large, max-video-preview:-1\" \/>\n<link rel=\"canonical\" href=\"https:\/\/tc-trnovo.si\/en\/odstop-od-progama-vadbe\/\" \/>\n<meta property=\"og:locale\" content=\"en_US\" \/>\n<meta property=\"og:type\" content=\"article\" \/>\n<meta property=\"og:title\" content=\"Odstop od progama vadbe - TC Trnovo\" \/>\n<meta property=\"og:url\" content=\"https:\/\/tc-trnovo.si\/en\/odstop-od-progama-vadbe\/\" \/>\n<meta property=\"og:site_name\" content=\"TC Trnovo\" \/>\n<meta property=\"article:publisher\" content=\"https:\/\/www.facebook.com\/tankosporttctrnovo\/\" \/>\n<meta property=\"article:modified_time\" content=\"2024-04-25T11:29:29+00:00\" \/>\n<meta name=\"twitter:card\" content=\"summary_large_image\" \/>\n<script type=\"application\/ld+json\" class=\"yoast-schema-graph\">{\"@context\":\"https:\/\/schema.org\",\"@graph\":[{\"@type\":\"WebPage\",\"@id\":\"https:\/\/tc-trnovo.si\/odstop-od-progama-vadbe\/\",\"url\":\"https:\/\/tc-trnovo.si\/odstop-od-progama-vadbe\/\",\"name\":\"Odstop od progama vadbe - TC Trnovo\",\"isPartOf\":{\"@id\":\"https:\/\/tc-trnovo.si\/#website\"},\"datePublished\":\"2024-04-25T11:26:45+00:00\",\"dateModified\":\"2024-04-25T11:29:29+00:00\",\"breadcrumb\":{\"@id\":\"https:\/\/tc-trnovo.si\/odstop-od-progama-vadbe\/#breadcrumb\"},\"inLanguage\":\"en-US\",\"potentialAction\":[{\"@type\":\"ReadAction\",\"target\":[\"https:\/\/tc-trnovo.si\/odstop-od-progama-vadbe\/\"]}]},{\"@type\":\"BreadcrumbList\",\"@id\":\"https:\/\/tc-trnovo.si\/odstop-od-progama-vadbe\/#breadcrumb\",\"itemListElement\":[{\"@type\":\"ListItem\",\"position\":1,\"name\":\"Home\",\"item\":\"https:\/\/tc-trnovo.si\/\"},{\"@type\":\"ListItem\",\"position\":2,\"name\":\"Odstop od progama vadbe\"}]},{\"@type\":\"WebSite\",\"@id\":\"https:\/\/tc-trnovo.si\/#website\",\"url\":\"https:\/\/tc-trnovo.si\/\",\"name\":\"TC Trnovo\",\"description\":\"Treniraj, igraj, zmaguj, u\u017eivaj!\",\"publisher\":{\"@id\":\"https:\/\/tc-trnovo.si\/#organization\"},\"alternateName\":\"Tanko \u0161port\",\"potentialAction\":[{\"@type\":\"SearchAction\",\"target\":{\"@type\":\"EntryPoint\",\"urlTemplate\":\"https:\/\/tc-trnovo.si\/?s={search_term_string}\"},\"query-input\":{\"@type\":\"PropertyValueSpecification\",\"valueRequired\":true,\"valueName\":\"search_term_string\"}}],\"inLanguage\":\"en-US\"},{\"@type\":\"Organization\",\"@id\":\"https:\/\/tc-trnovo.si\/#organization\",\"name\":\"TC Trnovo\",\"alternateName\":\"Tanko \u0161port\",\"url\":\"https:\/\/tc-trnovo.si\/\",\"logo\":{\"@type\":\"ImageObject\",\"inLanguage\":\"en-US\",\"@id\":\"https:\/\/tc-trnovo.si\/#\/schema\/logo\/image\/\",\"url\":\"http:\/\/tc-trnovo.si\/wp-content\/uploads\/2023\/08\/tc-trnovo3.svg\",\"contentUrl\":\"http:\/\/tc-trnovo.si\/wp-content\/uploads\/2023\/08\/tc-trnovo3.svg\",\"width\":500,\"height\":500,\"caption\":\"TC Trnovo\"},\"image\":{\"@id\":\"https:\/\/tc-trnovo.si\/#\/schema\/logo\/image\/\"},\"sameAs\":[\"https:\/\/www.facebook.com\/tankosporttctrnovo\/\",\"https:\/\/www.instagram.com\/tctrnovo\/\"]}]}<\/script>\n<!-- \/ Yoast SEO plugin. -->","yoast_head_json":{"title":"Odstop od progama vadbe - TC Trnovo","robots":{"index":"index","follow":"follow","max-snippet":"max-snippet:-1","max-image-preview":"max-image-preview:large","max-video-preview":"max-video-preview:-1"},"canonical":"https:\/\/tc-trnovo.si\/en\/odstop-od-progama-vadbe\/","og_locale":"en_US","og_type":"article","og_title":"Odstop od progama vadbe - TC Trnovo","og_url":"https:\/\/tc-trnovo.si\/en\/odstop-od-progama-vadbe\/","og_site_name":"TC Trnovo","article_publisher":"https:\/\/www.facebook.com\/tankosporttctrnovo\/","article_modified_time":"2024-04-25T11:29:29+00:00","twitter_card":"summary_large_image","schema":{"@context":"https:\/\/schema.org","@graph":[{"@type":"WebPage","@id":"https:\/\/tc-trnovo.si\/odstop-od-progama-vadbe\/","url":"https:\/\/tc-trnovo.si\/odstop-od-progama-vadbe\/","name":"Odstop od progama vadbe - TC Trnovo","isPartOf":{"@id":"https:\/\/tc-trnovo.si\/#website"},"datePublished":"2024-04-25T11:26:45+00:00","dateModified":"2024-04-25T11:29:29+00:00","breadcrumb":{"@id":"https:\/\/tc-trnovo.si\/odstop-od-progama-vadbe\/#breadcrumb"},"inLanguage":"en-US","potentialAction":[{"@type":"ReadAction","target":["https:\/\/tc-trnovo.si\/odstop-od-progama-vadbe\/"]}]},{"@type":"BreadcrumbList","@id":"https:\/\/tc-trnovo.si\/odstop-od-progama-vadbe\/#breadcrumb","itemListElement":[{"@type":"ListItem","position":1,"name":"Home","item":"https:\/\/tc-trnovo.si\/"},{"@type":"ListItem","position":2,"name":"Odstop od progama vadbe"}]},{"@type":"WebSite","@id":"https:\/\/tc-trnovo.si\/#website","url":"https:\/\/tc-trnovo.si\/","name":"TC Trnovo","description":"Train, play, win, enjoy!","publisher":{"@id":"https:\/\/tc-trnovo.si\/#organization"},"alternateName":"Tanko \u0161port","potentialAction":[{"@type":"SearchAction","target":{"@type":"EntryPoint","urlTemplate":"https:\/\/tc-trnovo.si\/?s={search_term_string}"},"query-input":{"@type":"PropertyValueSpecification","valueRequired":true,"valueName":"search_term_string"}}],"inLanguage":"en-US"},{"@type":"Organization","@id":"https:\/\/tc-trnovo.si\/#organization","name":"TC Trnovo","alternateName":"Tanko \u0161port","url":"https:\/\/tc-trnovo.si\/","logo":{"@type":"ImageObject","inLanguage":"en-US","@id":"https:\/\/tc-trnovo.si\/#\/schema\/logo\/image\/","url":"http:\/\/tc-trnovo.si\/wp-content\/uploads\/2023\/08\/tc-trnovo3.svg","contentUrl":"http:\/\/tc-trnovo.si\/wp-content\/uploads\/2023\/08\/tc-trnovo3.svg","width":500,"height":500,"caption":"TC Trnovo"},"image":{"@id":"https:\/\/tc-trnovo.si\/#\/schema\/logo\/image\/"},"sameAs":["https:\/\/www.facebook.com\/tankosporttctrnovo\/","https:\/\/www.instagram.com\/tctrnovo\/"]}]}},"ticketed":false,"_links":{"self":[{"href":"https:\/\/tc-trnovo.si\/en\/wp-json\/wp\/v2\/pages\/2967","targetHints":{"allow":["GET"]}}],"collection":[{"href":"https:\/\/tc-trnovo.si\/en\/wp-json\/wp\/v2\/pages"}],"about":[{"href":"https:\/\/tc-trnovo.si\/en\/wp-json\/wp\/v2\/types\/page"}],"author":[{"embeddable":true,"href":"https:\/\/tc-trnovo.si\/en\/wp-json\/wp\/v2\/users\/2"}],"replies":[{"embeddable":true,"href":"https:\/\/tc-trnovo.si\/en\/wp-json\/wp\/v2\/comments?post=2967"}],"version-history":[{"count":4,"href":"https:\/\/tc-trnovo.si\/en\/wp-json\/wp\/v2\/pages\/2967\/revisions"}],"predecessor-version":[{"id":2974,"href":"https:\/\/tc-trnovo.si\/en\/wp-json\/wp\/v2\/pages\/2967\/revisions\/2974"}],"wp:attachment":[{"href":"https:\/\/tc-trnovo.si\/en\/wp-json\/wp\/v2\/media?parent=2967"}],"curies":[{"name":"wp","href":"https:\/\/api.w.org\/{rel}","templated":true}]}}